{"id":14,"date":"2026-02-20T11:11:21","date_gmt":"2026-02-20T11:11:21","guid":{"rendered":"https:\/\/ahauteurdetruffe.fr\/index.php\/about\/"},"modified":"2026-03-12T12:53:41","modified_gmt":"2026-03-12T12:53:41","slug":"about","status":"publish","type":"page","link":"https:\/\/ahauteurdetruffe.fr\/index.php\/about\/","title":{"rendered":"A propos"},"content":{"rendered":"\t\t<div data-elementor-type=\"wp-page\" data-elementor-id=\"14\" class=\"elementor elementor-14\">\n\t\t\t\t<div class=\"elementor-element elementor-element-7efea8c e-flex e-con-boxed e-con e-parent\" data-id=\"7efea8c\" data-element_type=\"container\" data-e-type=\"container\">\n\t\t\t\t\t<div class=\"e-con-inner\">\n\t\t<div class=\"elementor-element elementor-element-97b91ea e-con-full e-flex e-con e-child\" data-id=\"97b91ea\" data-element_type=\"container\" data-e-type=\"container\">\n\t\t\t\t<div class=\"elementor-element elementor-element-c50bfa8 elementor-widget elementor-widget-heading\" data-id=\"c50bfa8\" data-element_type=\"widget\" data-e-type=\"widget\" data-widget_type=\"heading.default\">\n\t\t\t\t\t<h2 class=\"elementor-heading-title elementor-size-default\">Qui suis-je ?<\/h2>\t\t\t\t<\/div>\n\t\t\t\t<div class=\"elementor-element elementor-element-bab9d2f elementor-widget elementor-widget-text-editor\" data-id=\"bab9d2f\" data-element_type=\"widget\" data-e-type=\"widget\" data-widget_type=\"text-editor.default\">\n\t\t\t\t\t\t\t\t\t<p class=\"font_8\"><span class=\"color_2\">Je m&rsquo;appelle Louie Schaffer et je suis \u00e9ducatrice comportementaliste canin.<\/span><\/p><p class=\"font_8\">Apr\u00e8s des \u00e9tudes en biologie et en \u00e9thologie, je me suis naturellement tourn\u00e9e vers ce m\u00e9tier qui m&rsquo;attirait depuis toujours.<\/p><p class=\"font_8\">Les chiens sont pour moi bien plus que de simples animaux de compagnie, ce sont des \u00eatres sensibles et des membres \u00e0 part enti\u00e8re de la famille.\u00a0<\/p><p class=\"font_8\">J&rsquo;ai connu de tr\u00e8s nombreux chiens \u00e0 travers mes diverses exp\u00e9riences. Chacun d&rsquo;eux \u00e9tait unique et avait une histoire \u00e0 partager, une le\u00e7on \u00e0 m&rsquo;apprendre. Tous m&rsquo;ont profond\u00e9ment marqu\u00e9s.<\/p><p class=\"font_8\">C&rsquo;est en commen\u00e7ant \u00e0 \u00e9duquer des chiens et \u00e0 travailler certaines de leurs probl\u00e9matique que j&rsquo;ai eu envie d&rsquo;aider les propri\u00e9taires \u00e0 les comprendre et construire une relation harmonieuse et \u00e9quilibr\u00e9e avec leur chien.<\/p>\t\t\t\t\t\t\t\t<\/div>\n\t\t\t\t<\/div>\n\t\t<div class=\"elementor-element elementor-element-81aabe9 e-con-full e-flex e-con e-child\" data-id=\"81aabe9\" data-element_type=\"container\" data-e-type=\"container\">\n\t\t\t\t<div class=\"elementor-element elementor-element-c42d66d elementor-widget elementor-widget-image\" data-id=\"c42d66d\" data-element_type=\"widget\" data-e-type=\"widget\" data-widget_type=\"image.default\">\n\t\t\t\t\t\t\t\t\t\t\t\t\t\t\t<img fetchpriority=\"high\" decoding=\"async\" width=\"505\" height=\"662\" src=\"https:\/\/ahauteurdetruffe.fr\/wp-content\/uploads\/2026\/02\/Capture-decran-2025-08-21-183417.png\" class=\"attachment-large size-large wp-image-50\" alt=\"\" \/>\t\t\t\t\t\t\t\t\t\t\t\t\t\t\t<\/div>\n\t\t\t\t<\/div>\n\t\t\t\t\t<\/div>\n\t\t\t\t<\/div>\n\t\t<div class=\"elementor-element elementor-element-94b522a e-flex e-con-boxed e-con e-parent\" data-id=\"94b522a\" data-element_type=\"container\" data-e-type=\"container\">\n\t\t\t\t\t<div class=\"e-con-inner\">\n\t\t<div class=\"elementor-element elementor-element-8cd2721 e-con-full e-flex e-con e-child\" data-id=\"8cd2721\" data-element_type=\"container\" data-e-type=\"container\">\n\t\t\t\t<div class=\"elementor-element elementor-element-c03c637 elementor-widget elementor-widget-image\" data-id=\"c03c637\" data-element_type=\"widget\" data-e-type=\"widget\" data-widget_type=\"image.default\">\n\t\t\t\t\t\t\t\t\t\t\t\t\t\t\t<img decoding=\"async\" width=\"316\" height=\"668\" src=\"https:\/\/ahauteurdetruffe.fr\/wp-content\/uploads\/2026\/02\/Capture-decran-2026-02-20-124312.png\" class=\"attachment-large size-large wp-image-51\" alt=\"\" \/>\t\t\t\t\t\t\t\t\t\t\t\t\t\t\t<\/div>\n\t\t\t\t<\/div>\n\t\t<div class=\"elementor-element elementor-element-cb4a640 e-con-full e-flex e-con e-child\" data-id=\"cb4a640\" data-element_type=\"container\" data-e-type=\"container\">\n\t\t<div class=\"elementor-element elementor-element-1f301a2 e-con-full e-flex e-con e-child\" data-id=\"1f301a2\" data-element_type=\"container\" data-e-type=\"container\">\n\t\t\t\t<div class=\"elementor-element elementor-element-b97abf2 elementor-widget elementor-widget-heading\" data-id=\"b97abf2\" data-element_type=\"widget\" data-e-type=\"widget\" data-widget_type=\"heading.default\">\n\t\t\t\t\t<h2 class=\"elementor-heading-title elementor-size-default\">Mes formations<\/h2>\t\t\t\t<\/div>\n\t\t\t\t<div class=\"elementor-element elementor-element-2a60354 elementor-widget elementor-widget-text-editor\" data-id=\"2a60354\" data-element_type=\"widget\" data-e-type=\"widget\" data-widget_type=\"text-editor.default\">\n\t\t\t\t\t\t\t\t\t<ul class=\"color_2 font_8\"><li><p class=\"font_8\"><span class=\"color_2\">2023-2025 : Licence en Sciences du comportement animal<\/span><\/p><\/li><li><p class=\"font_8\"><span class=\"color_2\">Avril 2025 : Attestation de Connaissances pour les Animaux de Compagnie d\u2019Esp\u00e8ces Domestiques ( ACACED Chiens, Chats et NACS) &#8211; Nature de Chien<\/span><\/p><\/li><li><p class=\"font_8\"><span class=\"color_2\">Octobre 2025 : Formation \u00e9ducateur comportementaliste canin &#8211; EDUCHIEN<\/span><\/p><\/li><li><p class=\"font_8\"><span class=\"color_2\">Novembre 2025 : Formation pratique sur l&rsquo;agressivit\u00e9 intra et inter-sp\u00e9cifique &#8211; EDUCHIEN<\/span><\/p><\/li><\/ul>\t\t\t\t\t\t\t\t<\/div>\n\t\t\t\t<div class=\"elementor-element elementor-element-094aa82 elementor-widget elementor-widget-heading\" data-id=\"094aa82\" data-element_type=\"widget\" data-e-type=\"widget\" data-widget_type=\"heading.default\">\n\t\t\t\t\t<h2 class=\"elementor-heading-title elementor-size-default\">Mes experiences<\/h2>\t\t\t\t<\/div>\n\t\t\t\t<\/div>\n\t\t<div class=\"elementor-element elementor-element-4fd760d e-con-full e-flex e-con e-child\" data-id=\"4fd760d\" data-element_type=\"container\" data-e-type=\"container\">\n\t\t\t\t<div class=\"elementor-element elementor-element-4494f28 elementor-widget elementor-widget-text-editor\" data-id=\"4494f28\" data-element_type=\"widget\" data-e-type=\"widget\" data-widget_type=\"text-editor.default\">\n\t\t\t\t\t\t\t\t\t<ul class=\"color_2 font_8\"><li><p>De nombreux stages aupr\u00e8s de professionnels du monde canin<\/p><\/li><li><p>Depuis 11\/2024 : B\u00e9n\u00e9volat au refuge La SPA de Rennes<\/p><\/li><li><p>Depuis 02\/2025 : B\u00e9n\u00e9volat en \u00e9v\u00e9nementiel au sein de l&rsquo;association B\u00eates de Sc\u00e8ne<\/p><\/li><\/ul>\t\t\t\t\t\t\t\t<\/div>\n\t\t\t\t<\/div>\n\t\t\t\t<\/div>\n\t\t\t\t\t<\/div>\n\t\t\t\t<\/div>\n\t\t\t\t<\/div>\n\t\t","protected":false},"excerpt":{"rendered":"<p>Qui suis-je ? Je m&rsquo;appelle Louie Schaffer et je suis \u00e9ducatrice comportementaliste canin. Apr\u00e8s des \u00e9tudes en biologie et en \u00e9thologie, je me suis naturellement tourn\u00e9e vers ce m\u00e9tier qui m&rsquo;attirait depuis toujours. Les chiens sont pour moi bien plus que de simples animaux de compagnie, ce sont des \u00eatres sensibles et des membres \u00e0 [&hellip;]<\/p>\n","protected":false},"author":1,"featured_media":0,"parent":0,"menu_order":0,"comment_status":"closed","ping_status":"closed","template":"elementor_header_footer","meta":{"footnotes":""},"class_list":["post-14","page","type-page","status-publish","hentry","entry"],"yoast_head":"<!-- This site is optimized with the Yoast SEO plugin v27.2 - https:\/\/yoast.com\/product\/yoast-seo-wordpress\/ -->\n<title>A propos -<\/title>\n<meta name=\"robots\" content=\"index, follow, max-snippet:-1, max-image-preview:large, max-video-preview:-1\" \/>\n<link rel=\"canonical\" href=\"https:\/\/ahauteurdetruffe.fr\/index.php\/about\/\" \/>\n<meta property=\"og:locale\" content=\"fr_FR\" \/>\n<meta property=\"og:type\" content=\"article\" \/>\n<meta property=\"og:title\" content=\"A propos -\" \/>\n<meta property=\"og:description\" content=\"Qui suis-je ? Je m&rsquo;appelle Louie Schaffer et je suis \u00e9ducatrice comportementaliste canin. Apr\u00e8s des \u00e9tudes en biologie et en \u00e9thologie, je me suis naturellement tourn\u00e9e vers ce m\u00e9tier qui m&rsquo;attirait depuis toujours. Les chiens sont pour moi bien plus que de simples animaux de compagnie, ce sont des \u00eatres sensibles et des membres \u00e0 [&hellip;]\" \/>\n<meta property=\"og:url\" content=\"https:\/\/ahauteurdetruffe.fr\/index.php\/about\/\" \/>\n<meta property=\"article:modified_time\" content=\"2026-03-12T12:53:41+00:00\" \/>\n<meta property=\"og:image\" content=\"https:\/\/ahauteurdetruffe.fr\/wp-content\/uploads\/2026\/02\/Capture-decran-2025-08-21-183417.png\" \/>\n\t<meta property=\"og:image:width\" content=\"505\" \/>\n\t<meta property=\"og:image:height\" content=\"662\" \/>\n\t<meta property=\"og:image:type\" content=\"image\/png\" \/>\n<meta name=\"twitter:card\" content=\"summary_large_image\" \/>\n<meta name=\"twitter:label1\" content=\"Dur\u00e9e de lecture estim\u00e9e\" \/>\n\t<meta name=\"twitter:data1\" content=\"1 minute\" \/>\n<script type=\"application\/ld+json\" class=\"yoast-schema-graph\">{\"@context\":\"https:\/\/schema.org\",\"@graph\":[{\"@type\":\"WebPage\",\"@id\":\"https:\/\/ahauteurdetruffe.fr\/index.php\/about\/\",\"url\":\"https:\/\/ahauteurdetruffe.fr\/index.php\/about\/\",\"name\":\"A propos -\",\"isPartOf\":{\"@id\":\"https:\/\/ahauteurdetruffe.fr\/#website\"},\"primaryImageOfPage\":{\"@id\":\"https:\/\/ahauteurdetruffe.fr\/index.php\/about\/#primaryimage\"},\"image\":{\"@id\":\"https:\/\/ahauteurdetruffe.fr\/index.php\/about\/#primaryimage\"},\"thumbnailUrl\":\"https:\/\/ahauteurdetruffe.fr\/wp-content\/uploads\/2026\/02\/Capture-decran-2025-08-21-183417.png\",\"datePublished\":\"2026-02-20T11:11:21+00:00\",\"dateModified\":\"2026-03-12T12:53:41+00:00\",\"breadcrumb\":{\"@id\":\"https:\/\/ahauteurdetruffe.fr\/index.php\/about\/#breadcrumb\"},\"inLanguage\":\"fr-FR\",\"potentialAction\":[{\"@type\":\"ReadAction\",\"target\":[\"https:\/\/ahauteurdetruffe.fr\/index.php\/about\/\"]}]},{\"@type\":\"ImageObject\",\"inLanguage\":\"fr-FR\",\"@id\":\"https:\/\/ahauteurdetruffe.fr\/index.php\/about\/#primaryimage\",\"url\":\"https:\/\/ahauteurdetruffe.fr\/wp-content\/uploads\/2026\/02\/Capture-decran-2025-08-21-183417.png\",\"contentUrl\":\"https:\/\/ahauteurdetruffe.fr\/wp-content\/uploads\/2026\/02\/Capture-decran-2025-08-21-183417.png\",\"width\":505,\"height\":662},{\"@type\":\"BreadcrumbList\",\"@id\":\"https:\/\/ahauteurdetruffe.fr\/index.php\/about\/#breadcrumb\",\"itemListElement\":[{\"@type\":\"ListItem\",\"position\":1,\"name\":\"Accueil\",\"item\":\"https:\/\/ahauteurdetruffe.fr\/\"},{\"@type\":\"ListItem\",\"position\":2,\"name\":\"A propos\"}]},{\"@type\":\"WebSite\",\"@id\":\"https:\/\/ahauteurdetruffe.fr\/#website\",\"url\":\"https:\/\/ahauteurdetruffe.fr\/\",\"name\":\"\",\"description\":\"\",\"potentialAction\":[{\"@type\":\"SearchAction\",\"target\":{\"@type\":\"EntryPoint\",\"urlTemplate\":\"https:\/\/ahauteurdetruffe.fr\/?s={search_term_string}\"},\"query-input\":{\"@type\":\"PropertyValueSpecification\",\"valueRequired\":true,\"valueName\":\"search_term_string\"}}],\"inLanguage\":\"fr-FR\"}]}<\/script>\n<!-- \/ Yoast SEO plugin. -->","yoast_head_json":{"title":"A propos -","robots":{"index":"index","follow":"follow","max-snippet":"max-snippet:-1","max-image-preview":"max-image-preview:large","max-video-preview":"max-video-preview:-1"},"canonical":"https:\/\/ahauteurdetruffe.fr\/index.php\/about\/","og_locale":"fr_FR","og_type":"article","og_title":"A propos -","og_description":"Qui suis-je ? Je m&rsquo;appelle Louie Schaffer et je suis \u00e9ducatrice comportementaliste canin. Apr\u00e8s des \u00e9tudes en biologie et en \u00e9thologie, je me suis naturellement tourn\u00e9e vers ce m\u00e9tier qui m&rsquo;attirait depuis toujours. Les chiens sont pour moi bien plus que de simples animaux de compagnie, ce sont des \u00eatres sensibles et des membres \u00e0 [&hellip;]","og_url":"https:\/\/ahauteurdetruffe.fr\/index.php\/about\/","article_modified_time":"2026-03-12T12:53:41+00:00","og_image":[{"width":505,"height":662,"url":"https:\/\/ahauteurdetruffe.fr\/wp-content\/uploads\/2026\/02\/Capture-decran-2025-08-21-183417.png","type":"image\/png"}],"twitter_card":"summary_large_image","twitter_misc":{"Dur\u00e9e de lecture estim\u00e9e":"1 minute"},"schema":{"@context":"https:\/\/schema.org","@graph":[{"@type":"WebPage","@id":"https:\/\/ahauteurdetruffe.fr\/index.php\/about\/","url":"https:\/\/ahauteurdetruffe.fr\/index.php\/about\/","name":"A propos -","isPartOf":{"@id":"https:\/\/ahauteurdetruffe.fr\/#website"},"primaryImageOfPage":{"@id":"https:\/\/ahauteurdetruffe.fr\/index.php\/about\/#primaryimage"},"image":{"@id":"https:\/\/ahauteurdetruffe.fr\/index.php\/about\/#primaryimage"},"thumbnailUrl":"https:\/\/ahauteurdetruffe.fr\/wp-content\/uploads\/2026\/02\/Capture-decran-2025-08-21-183417.png","datePublished":"2026-02-20T11:11:21+00:00","dateModified":"2026-03-12T12:53:41+00:00","breadcrumb":{"@id":"https:\/\/ahauteurdetruffe.fr\/index.php\/about\/#breadcrumb"},"inLanguage":"fr-FR","potentialAction":[{"@type":"ReadAction","target":["https:\/\/ahauteurdetruffe.fr\/index.php\/about\/"]}]},{"@type":"ImageObject","inLanguage":"fr-FR","@id":"https:\/\/ahauteurdetruffe.fr\/index.php\/about\/#primaryimage","url":"https:\/\/ahauteurdetruffe.fr\/wp-content\/uploads\/2026\/02\/Capture-decran-2025-08-21-183417.png","contentUrl":"https:\/\/ahauteurdetruffe.fr\/wp-content\/uploads\/2026\/02\/Capture-decran-2025-08-21-183417.png","width":505,"height":662},{"@type":"BreadcrumbList","@id":"https:\/\/ahauteurdetruffe.fr\/index.php\/about\/#breadcrumb","itemListElement":[{"@type":"ListItem","position":1,"name":"Accueil","item":"https:\/\/ahauteurdetruffe.fr\/"},{"@type":"ListItem","position":2,"name":"A propos"}]},{"@type":"WebSite","@id":"https:\/\/ahauteurdetruffe.fr\/#website","url":"https:\/\/ahauteurdetruffe.fr\/","name":"","description":"","potentialAction":[{"@type":"SearchAction","target":{"@type":"EntryPoint","urlTemplate":"https:\/\/ahauteurdetruffe.fr\/?s={search_term_string}"},"query-input":{"@type":"PropertyValueSpecification","valueRequired":true,"valueName":"search_term_string"}}],"inLanguage":"fr-FR"}]}},"_links":{"self":[{"href":"https:\/\/ahauteurdetruffe.fr\/index.php\/wp-json\/wp\/v2\/pages\/14","targetHints":{"allow":["GET"]}}],"collection":[{"href":"https:\/\/ahauteurdetruffe.fr\/index.php\/wp-json\/wp\/v2\/pages"}],"about":[{"href":"https:\/\/ahauteurdetruffe.fr\/index.php\/wp-json\/wp\/v2\/types\/page"}],"author":[{"embeddable":true,"href":"https:\/\/ahauteurdetruffe.fr\/index.php\/wp-json\/wp\/v2\/users\/1"}],"replies":[{"embeddable":true,"href":"https:\/\/ahauteurdetruffe.fr\/index.php\/wp-json\/wp\/v2\/comments?post=14"}],"version-history":[{"count":25,"href":"https:\/\/ahauteurdetruffe.fr\/index.php\/wp-json\/wp\/v2\/pages\/14\/revisions"}],"predecessor-version":[{"id":199,"href":"https:\/\/ahauteurdetruffe.fr\/index.php\/wp-json\/wp\/v2\/pages\/14\/revisions\/199"}],"wp:attachment":[{"href":"https:\/\/ahauteurdetruffe.fr\/index.php\/wp-json\/wp\/v2\/media?parent=14"}],"curies":[{"name":"wp","href":"https:\/\/api.w.org\/{rel}","templated":true}]}}