{"id":16,"date":"2026-02-20T11:11:21","date_gmt":"2026-02-20T11:11:21","guid":{"rendered":"https:\/\/ahauteurdetruffe.fr\/index.php\/services\/"},"modified":"2026-03-12T13:03:05","modified_gmt":"2026-03-12T13:03:05","slug":"services","status":"publish","type":"page","link":"https:\/\/ahauteurdetruffe.fr\/index.php\/services\/","title":{"rendered":"Services"},"content":{"rendered":"\t\t<div data-elementor-type=\"wp-page\" data-elementor-id=\"16\" class=\"elementor elementor-16\">\n\t\t\t\t<div class=\"elementor-element elementor-element-0ef405f e-flex e-con-boxed e-con e-parent\" data-id=\"0ef405f\" data-element_type=\"container\" data-e-type=\"container\">\n\t\t\t\t\t<div class=\"e-con-inner\">\n\t\t\t\t<div class=\"elementor-element elementor-element-a38bebd elementor-widget elementor-widget-heading\" data-id=\"a38bebd\" data-element_type=\"widget\" data-e-type=\"widget\" data-widget_type=\"heading.default\">\n\t\t\t\t\t<h2 class=\"elementor-heading-title elementor-size-default\">Comment puis-je vous aider ?<\/h2>\t\t\t\t<\/div>\n\t\t\t\t\t<\/div>\n\t\t\t\t<\/div>\n\t\t<div class=\"elementor-element elementor-element-f7f1a4c e-flex e-con-boxed e-con e-parent\" data-id=\"f7f1a4c\" data-element_type=\"container\" data-e-type=\"container\">\n\t\t\t\t\t<div class=\"e-con-inner\">\n\t\t\t\t<div class=\"elementor-element elementor-element-95536f0 elementor-widget elementor-widget-text-editor\" data-id=\"95536f0\" data-element_type=\"widget\" data-e-type=\"widget\" data-widget_type=\"text-editor.default\">\n\t\t\t\t\t\t\t\t\t<p class=\"font_2\"><span class=\"color_15\" style=\"font-size: 12pt;\">Je propose diff\u00e9rents types de services :<\/span><\/p><ul class=\"color_15 font_2\"><li><p class=\"font_2\"><span class=\"color_15\" style=\"font-size: 12pt;\">Education et r\u00e9\u00e9ducation canine<\/span><\/p><\/li><li><p class=\"font_2\"><span class=\"color_15\" style=\"font-size: 12pt;\">Pomenades canines<\/span><\/p><\/li><\/ul><p class=\"font_2\"><span style=\"font-size: 12pt;\"><span class=\"color_15\">Selon le service qui vous int\u00e9resse, je peux me d\u00e9placer chez vous jusqu&rsquo;\u00e0 30km autour de Saint M\u00e9en le Grand. <\/span><span class=\"color_15\">Si le kilom\u00e9trage d\u00e9passe cette limite, la facturation des frais de d\u00e9placements sont \u00e0 0,5 euros le km suppl\u00e9mentaire.<\/span><\/span><\/p>\t\t\t\t\t\t\t\t<\/div>\n\t\t\t\t\t<\/div>\n\t\t\t\t<\/div>\n\t\t<div class=\"elementor-element elementor-element-0444e98 e-flex e-con-boxed e-con e-parent\" data-id=\"0444e98\" data-element_type=\"container\" data-e-type=\"container\">\n\t\t\t\t\t<div class=\"e-con-inner\">\n\t\t\t\t<div class=\"elementor-element elementor-element-e93aa0a elementor-widget elementor-widget-heading\" data-id=\"e93aa0a\" data-element_type=\"widget\" data-e-type=\"widget\" data-widget_type=\"heading.default\">\n\t\t\t\t\t<h2 class=\"elementor-heading-title elementor-size-default\">Education et reeducation canine<\/h2>\t\t\t\t<\/div>\n\t\t\t\t\t<\/div>\n\t\t\t\t<\/div>\n\t\t<div class=\"elementor-element elementor-element-a076717 e-flex e-con-boxed e-con e-parent\" data-id=\"a076717\" data-element_type=\"container\" data-e-type=\"container\">\n\t\t\t\t\t<div class=\"e-con-inner\">\n\t\t\t\t<div class=\"elementor-element elementor-element-54900b1 elementor-widget elementor-widget-text-editor\" data-id=\"54900b1\" data-element_type=\"widget\" data-e-type=\"widget\" data-widget_type=\"text-editor.default\">\n\t\t\t\t\t\t\t\t\t<p>Vous donner les clefs pour comprendre et \u00e9duquer votre chien est mon premier objectif.<\/p><p class=\"font_7\">L&rsquo;accompagnement \u00e0 l&rsquo;adoption ainsi que le bilan comportemental peuvent donner lieu \u00e0 un suivi adapt\u00e9 \u00e0 votre chien et \u00e0 vous.<\/p><p class=\"font_7\">Je propose 3 forfaits :\u00a0<\/p><ul class=\"font_7\"><li><p class=\"font_7\">3 s\u00e9ances : 140 euros<\/p><\/li><li><p class=\"font_7\">5 s\u00e9ances : 225 euros<\/p><\/li><li><p class=\"font_7\">10 s\u00e9ances : 430 euros<\/p><\/li><\/ul>\t\t\t\t\t\t\t\t<\/div>\n\t\t\t\t\t<\/div>\n\t\t\t\t<\/div>\n\t\t<div class=\"elementor-element elementor-element-c5c5a8b e-flex e-con-boxed e-con e-parent\" data-id=\"c5c5a8b\" data-element_type=\"container\" data-e-type=\"container\">\n\t\t\t\t\t<div class=\"e-con-inner\">\n\t\t\t\t<div class=\"elementor-element elementor-element-52e316f elementor-widget elementor-widget-n-accordion\" data-id=\"52e316f\" data-element_type=\"widget\" data-e-type=\"widget\" data-settings=\"{&quot;default_state&quot;:&quot;expanded&quot;,&quot;max_items_expended&quot;:&quot;one&quot;,&quot;n_accordion_animation_duration&quot;:{&quot;unit&quot;:&quot;ms&quot;,&quot;size&quot;:400,&quot;sizes&quot;:[]}}\" data-widget_type=\"nested-accordion.default\">\n\t\t\t\t\t\t\t<div class=\"e-n-accordion\" aria-label=\"Accordion. Open links with Enter or Space, close with Escape, and navigate with Arrow Keys\">\n\t\t\t\t\t\t<details id=\"e-n-accordion-item-8690\" class=\"e-n-accordion-item\" open>\n\t\t\t\t<summary class=\"e-n-accordion-item-title\" data-accordion-index=\"1\" tabindex=\"0\" aria-expanded=\"true\" aria-controls=\"e-n-accordion-item-8690\" >\n\t\t\t\t\t<span class='e-n-accordion-item-title-header'><div class=\"e-n-accordion-item-title-text\"> Bilan Comportemental <\/div><\/span>\n\t\t\t\t\t\t\t<span class='e-n-accordion-item-title-icon'>\n\t\t\t<span class='e-opened' ><svg aria-hidden=\"true\" class=\"e-font-icon-svg e-fas-minus\" viewBox=\"0 0 448 512\" xmlns=\"http:\/\/www.w3.org\/2000\/svg\"><path d=\"M416 208H32c-17.67 0-32 14.33-32 32v32c0 17.67 14.33 32 32 32h384c17.67 0 32-14.33 32-32v-32c0-17.67-14.33-32-32-32z\"><\/path><\/svg><\/span>\n\t\t\t<span class='e-closed'><svg aria-hidden=\"true\" class=\"e-font-icon-svg e-fas-plus\" viewBox=\"0 0 448 512\" xmlns=\"http:\/\/www.w3.org\/2000\/svg\"><path d=\"M416 208H272V64c0-17.67-14.33-32-32-32h-32c-17.67 0-32 14.33-32 32v144H32c-17.67 0-32 14.33-32 32v32c0 17.67 14.33 32 32 32h144v144c0 17.67 14.33 32 32 32h32c17.67 0 32-14.33 32-32V304h144c17.67 0 32-14.33 32-32v-32c0-17.67-14.33-32-32-32z\"><\/path><\/svg><\/span>\n\t\t<\/span>\n\n\t\t\t\t\t\t<\/summary>\n\t\t\t\t<div role=\"region\" aria-labelledby=\"e-n-accordion-item-8690\" class=\"elementor-element elementor-element-5561034 e-con-full e-flex e-con e-child\" data-id=\"5561034\" data-element_type=\"container\" data-e-type=\"container\">\n\t\t\t\t<div class=\"elementor-element elementor-element-a17eca6 elementor-widget elementor-widget-image\" data-id=\"a17eca6\" data-element_type=\"widget\" data-e-type=\"widget\" data-widget_type=\"image.default\">\n\t\t\t\t\t\t\t\t\t\t\t\t\t\t\t<img decoding=\"async\" width=\"1\" height=\"1\" src=\"https:\/\/ahauteurdetruffe.fr\/wp-content\/uploads\/2026\/03\/IMG_4109.jpg\" class=\"attachment-large size-large wp-image-163\" alt=\"\" \/>\t\t\t\t\t\t\t\t\t\t\t\t\t\t\t<\/div>\n\t\t\t\t<div class=\"elementor-element elementor-element-78b1b3e elementor-widget elementor-widget-text-editor\" data-id=\"78b1b3e\" data-element_type=\"widget\" data-e-type=\"widget\" data-widget_type=\"text-editor.default\">\n\t\t\t\t\t\t\t\t\t<p class=\"font_2\"><span class=\"color_15\">2h &#8211; A domicile et en ext\u00e9rieur (selon probl\u00e9matique)<\/span><\/p><p class=\"font_2\"><span class=\"color_15\">Prix : 70 euros<\/span><\/p><p class=\"font_2\"><span class=\"color_15\">\u200b<\/span><span class=\"color_15\">Ce rendez-vous est essentiel pour que je puisse comprendre les probl\u00e9matiques que vous rencontrez avec votre chien ou votre chiot. Il me permet d&rsquo;\u00e9changer avec vous sur votre quotidien avec lui et de le voir \u00e9voluer dans son environnement. <\/span><\/p><p class=\"font_2\"><span class=\"color_15\">\u200b<\/span><span class=\"color_15\">Suite \u00e0 ce premier rendez-vous, nous pourrons mettre des protocoles en place et des s\u00e9ances de travail via un forfait.<\/span><\/p>\t\t\t\t\t\t\t\t<\/div>\n\t\t\t\t<\/div>\n\t\t\t\t\t<\/details>\n\t\t\t\t\t\t<details id=\"e-n-accordion-item-8691\" class=\"e-n-accordion-item\" >\n\t\t\t\t<summary class=\"e-n-accordion-item-title\" data-accordion-index=\"2\" tabindex=\"-1\" aria-expanded=\"false\" aria-controls=\"e-n-accordion-item-8691\" >\n\t\t\t\t\t<span class='e-n-accordion-item-title-header'><div class=\"e-n-accordion-item-title-text\"> S\u00e9ances d'\u00e9ducation individuelle <\/div><\/span>\n\t\t\t\t\t\t\t<span class='e-n-accordion-item-title-icon'>\n\t\t\t<span class='e-opened' ><svg aria-hidden=\"true\" class=\"e-font-icon-svg e-fas-minus\" viewBox=\"0 0 448 512\" xmlns=\"http:\/\/www.w3.org\/2000\/svg\"><path d=\"M416 208H32c-17.67 0-32 14.33-32 32v32c0 17.67 14.33 32 32 32h384c17.67 0 32-14.33 32-32v-32c0-17.67-14.33-32-32-32z\"><\/path><\/svg><\/span>\n\t\t\t<span class='e-closed'><svg aria-hidden=\"true\" class=\"e-font-icon-svg e-fas-plus\" viewBox=\"0 0 448 512\" xmlns=\"http:\/\/www.w3.org\/2000\/svg\"><path d=\"M416 208H272V64c0-17.67-14.33-32-32-32h-32c-17.67 0-32 14.33-32 32v144H32c-17.67 0-32 14.33-32 32v32c0 17.67 14.33 32 32 32h144v144c0 17.67 14.33 32 32 32h32c17.67 0 32-14.33 32-32V304h144c17.67 0 32-14.33 32-32v-32c0-17.67-14.33-32-32-32z\"><\/path><\/svg><\/span>\n\t\t<\/span>\n\n\t\t\t\t\t\t<\/summary>\n\t\t\t\t<div role=\"region\" aria-labelledby=\"e-n-accordion-item-8691\" class=\"elementor-element elementor-element-834e00f e-con-full e-flex e-con e-child\" data-id=\"834e00f\" data-element_type=\"container\" data-e-type=\"container\">\n\t\t\t\t<div class=\"elementor-element elementor-element-9c44a4e elementor-widget elementor-widget-image\" data-id=\"9c44a4e\" data-element_type=\"widget\" data-e-type=\"widget\" data-widget_type=\"image.default\">\n\t\t\t\t\t\t\t\t\t\t\t\t\t\t\t<img decoding=\"async\" width=\"1\" height=\"1\" src=\"https:\/\/ahauteurdetruffe.fr\/wp-content\/uploads\/2026\/03\/IMG_6679.jpg\" class=\"attachment-large size-large wp-image-164\" alt=\"\" \/>\t\t\t\t\t\t\t\t\t\t\t\t\t\t\t<\/div>\n\t\t\t\t<div class=\"elementor-element elementor-element-8f0db41 elementor-widget elementor-widget-text-editor\" data-id=\"8f0db41\" data-element_type=\"widget\" data-e-type=\"widget\" data-widget_type=\"text-editor.default\">\n\t\t\t\t\t\t\t\t\t<p class=\"font_2\"><span class=\"color_15\">1h &#8211; A domicile ou en ext\u00e9rieur<\/span><\/p><p class=\"font_2\"><span class=\"color_15\">Prix : 50 euros<\/span><\/p><p class=\"font_2\"><span class=\"color_15\">\u200b<\/span><span class=\"color_15\">Cette s\u00e9ance arrive apr\u00e8s un bilan comportemental.\u00a0<\/span><\/p><p class=\"font_2\"><span class=\"color_15\">Elle permets de travailler avec vous et votre chien sur les points n\u00e9cessaires, qu&rsquo;ils s&rsquo;agissent d&rsquo;\u00e9ducation g\u00e9n\u00e9rale ou de r\u00e9\u00e9ducation. Ce rendez-vous est l&rsquo;occasion de vou spartager mes conseils et les clefs essentielles qui vous permettront de travailler continuellement de votre c\u00f4t\u00e9.<\/span><\/p>\t\t\t\t\t\t\t\t<\/div>\n\t\t\t\t<\/div>\n\t\t\t\t\t<\/details>\n\t\t\t\t\t\t<details id=\"e-n-accordion-item-8692\" class=\"e-n-accordion-item\" >\n\t\t\t\t<summary class=\"e-n-accordion-item-title\" data-accordion-index=\"3\" tabindex=\"-1\" aria-expanded=\"false\" aria-controls=\"e-n-accordion-item-8692\" >\n\t\t\t\t\t<span class='e-n-accordion-item-title-header'><div class=\"e-n-accordion-item-title-text\"> Accompagnement \u00e0 l'adoption <\/div><\/span>\n\t\t\t\t\t\t\t<span class='e-n-accordion-item-title-icon'>\n\t\t\t<span class='e-opened' ><svg aria-hidden=\"true\" class=\"e-font-icon-svg e-fas-minus\" viewBox=\"0 0 448 512\" xmlns=\"http:\/\/www.w3.org\/2000\/svg\"><path d=\"M416 208H32c-17.67 0-32 14.33-32 32v32c0 17.67 14.33 32 32 32h384c17.67 0 32-14.33 32-32v-32c0-17.67-14.33-32-32-32z\"><\/path><\/svg><\/span>\n\t\t\t<span class='e-closed'><svg aria-hidden=\"true\" class=\"e-font-icon-svg e-fas-plus\" viewBox=\"0 0 448 512\" xmlns=\"http:\/\/www.w3.org\/2000\/svg\"><path d=\"M416 208H272V64c0-17.67-14.33-32-32-32h-32c-17.67 0-32 14.33-32 32v144H32c-17.67 0-32 14.33-32 32v32c0 17.67 14.33 32 32 32h144v144c0 17.67 14.33 32 32 32h32c17.67 0 32-14.33 32-32V304h144c17.67 0 32-14.33 32-32v-32c0-17.67-14.33-32-32-32z\"><\/path><\/svg><\/span>\n\t\t<\/span>\n\n\t\t\t\t\t\t<\/summary>\n\t\t\t\t<div role=\"region\" aria-labelledby=\"e-n-accordion-item-8692\" class=\"elementor-element elementor-element-520fe0c e-con-full e-flex e-con e-child\" data-id=\"520fe0c\" data-element_type=\"container\" data-e-type=\"container\">\n\t\t\t\t<div class=\"elementor-element elementor-element-4193c17 elementor-widget elementor-widget-image\" data-id=\"4193c17\" data-element_type=\"widget\" data-e-type=\"widget\" data-widget_type=\"image.default\">\n\t\t\t\t\t\t\t\t\t\t\t\t\t\t\t<img decoding=\"async\" width=\"1\" height=\"1\" src=\"https:\/\/ahauteurdetruffe.fr\/wp-content\/uploads\/2026\/03\/1.jpg\" class=\"attachment-large size-large wp-image-165\" alt=\"\" \/>\t\t\t\t\t\t\t\t\t\t\t\t\t\t\t<\/div>\n\t\t\t\t<div class=\"elementor-element elementor-element-cf93b4f elementor-widget elementor-widget-text-editor\" data-id=\"cf93b4f\" data-element_type=\"widget\" data-e-type=\"widget\" data-widget_type=\"text-editor.default\">\n\t\t\t\t\t\t\t\t\t<p class=\"font_2\"><span class=\"color_15\">1h30 &#8211; A domicile<\/span><\/p><p class=\"font_2\"><span class=\"color_15\">Prix : 60 euros<\/span><\/p><p class=\"font_2\"><span class=\"color_15\">Ce rendez-vous vous permettra d&rsquo;obtenir des conseils sur le choix d&rsquo;une race, d&rsquo;un \u00e9levage, d&rsquo;une association, &#8230;<\/span><\/p><p class=\"font_2\"><span class=\"color_15\">Si votre choix est d\u00e9j\u00e0 fait et d\u00e9finitif, je pourrais alors vous conseiller pour accueillir au mieux votre nouveau compagnon au sein de votre foyer.<\/span><\/p><p class=\"font_2\"><span class=\"color_15\">Chaque cours est personnalis\u00e9 en fonction de votre profil et de vos attent<\/span><\/p>\t\t\t\t\t\t\t\t<\/div>\n\t\t\t\t<\/div>\n\t\t\t\t\t<\/details>\n\t\t\t\t\t<\/div>\n\t\t\t\t\t\t<\/div>\n\t\t\t\t\t<\/div>\n\t\t\t\t<\/div>\n\t\t<div class=\"elementor-element elementor-element-b47bf1e e-flex e-con-boxed e-con e-parent\" data-id=\"b47bf1e\" data-element_type=\"container\" data-e-type=\"container\">\n\t\t\t\t\t<div class=\"e-con-inner\">\n\t\t\t\t<div class=\"elementor-element elementor-element-eaf9c92 elementor-widget elementor-widget-heading\" data-id=\"eaf9c92\" data-element_type=\"widget\" data-e-type=\"widget\" data-widget_type=\"heading.default\">\n\t\t\t\t\t<h2 class=\"elementor-heading-title elementor-size-default\">Promenades canines<\/h2>\t\t\t\t<\/div>\n\t\t\t\t\t<\/div>\n\t\t\t\t<\/div>\n\t\t<div class=\"elementor-element elementor-element-479d168 e-flex e-con-boxed e-con e-parent\" data-id=\"479d168\" data-element_type=\"container\" data-e-type=\"container\">\n\t\t\t\t\t<div class=\"e-con-inner\">\n\t\t<div class=\"elementor-element elementor-element-30fa7d3 e-con-full e-flex e-con e-child\" data-id=\"30fa7d3\" data-element_type=\"container\" data-e-type=\"container\">\n\t\t\t\t<div class=\"elementor-element elementor-element-b36cae2 elementor-widget elementor-widget-image\" data-id=\"b36cae2\" data-element_type=\"widget\" data-e-type=\"widget\" data-widget_type=\"image.default\">\n\t\t\t\t\t\t\t\t\t\t\t\t\t\t\t<img loading=\"lazy\" decoding=\"async\" width=\"1\" height=\"1\" src=\"https:\/\/ahauteurdetruffe.fr\/wp-content\/uploads\/2026\/03\/IMG_6402.jpg\" class=\"attachment-large size-large wp-image-180\" alt=\"\" \/>\t\t\t\t\t\t\t\t\t\t\t\t\t\t\t<\/div>\n\t\t\t\t<\/div>\n\t\t<div class=\"elementor-element elementor-element-20b1fa1 e-con-full e-flex e-con e-child\" data-id=\"20b1fa1\" data-element_type=\"container\" data-e-type=\"container\">\n\t\t<div class=\"elementor-element elementor-element-59618d2 e-con-full e-flex e-con e-child\" data-id=\"59618d2\" data-element_type=\"container\" data-e-type=\"container\">\n\t\t\t\t<div class=\"elementor-element elementor-element-9c5c9d5 elementor-widget elementor-widget-text-editor\" data-id=\"9c5c9d5\" data-element_type=\"widget\" data-e-type=\"widget\" data-widget_type=\"text-editor.default\">\n\t\t\t\t\t\t\t\t\t<p class=\"font_2\"><span class=\"color_15\">1h &#8211; en ext\u00e9rieur<\/span><\/p><p class=\"font_2\"><span class=\"color_15\">Prix : 20 euros<\/span><\/p><p class=\"font_2\"><span class=\"color_15\">\u200b<\/span><span class=\"color_15\">La promenade collective est l&rsquo;occasion de renforcer la sociabilit\u00e9 de vos chiens. En effet, ces promenades se font principalement en longe. Ainsi, votre chien apprend \u00e0 int\u00e9ragir avec ses cong\u00e9n\u00e8res dans un cadre s\u00e9curis\u00e9 et en privil\u00e9giant le calme pour qu&rsquo;il n&rsquo;associe pas ses cong\u00e9n\u00e8res \u00e0 une grosse excitation.<\/span><\/p><p class=\"font_2\"><span class=\"color_15\">\u200b<\/span><span class=\"color_15\">Pour plus de s\u00e9curit\u00e9, les promenades collectives sont ouvertes aux clients qui ont d\u00e9j\u00e0 eu un suivi avec moi.<\/span><\/p>\t\t\t\t\t\t\t\t<\/div>\n\t\t\t\t<\/div>\n\t\t<div class=\"elementor-element elementor-element-41e31d2 e-con-full e-flex e-con e-child\" data-id=\"41e31d2\" data-element_type=\"container\" data-e-type=\"container\">\n\t\t\t\t<div class=\"elementor-element elementor-element-a0ce99a elementor-widget elementor-widget-text-editor\" data-id=\"a0ce99a\" data-element_type=\"widget\" data-e-type=\"widget\" data-widget_type=\"text-editor.default\">\n\t\t\t\t\t\t\t\t\t<p>Ces promenades sont \u00e0 th\u00e8mes vari\u00e9s :\u00a0<\/p><ul><li>\u00c9ducatives : maintien de positions, mise en contact, marche en laisse<\/li><li>Grands\/Petits chiens<\/li><li>Autres<\/li><\/ul>\t\t\t\t\t\t\t\t<\/div>\n\t\t\t\t<\/div>\n\t\t\t\t<\/div>\n\t\t\t\t\t<\/div>\n\t\t\t\t<\/div>\n\t\t\t\t<\/div>\n\t\t","protected":false},"excerpt":{"rendered":"<p>Comment puis-je vous aider ? Je propose diff\u00e9rents types de services : Education et r\u00e9\u00e9ducation canine Pomenades canines Selon le service qui vous int\u00e9resse, je peux me d\u00e9placer chez vous jusqu&rsquo;\u00e0 30km autour de Saint M\u00e9en le Grand. Si le kilom\u00e9trage d\u00e9passe cette limite, la facturation des frais de d\u00e9placements sont \u00e0 0,5 euros le [&hellip;]<\/p>\n","protected":false},"author":1,"featured_media":0,"parent":0,"menu_order":0,"comment_status":"closed","ping_status":"closed","template":"elementor_header_footer","meta":{"footnotes":""},"class_list":["post-16","page","type-page","status-publish","hentry","entry"],"yoast_head":"<!-- This site is optimized with the Yoast SEO plugin v27.2 - https:\/\/yoast.com\/product\/yoast-seo-wordpress\/ -->\n<title>Services -<\/title>\n<meta name=\"robots\" content=\"index, follow, max-snippet:-1, max-image-preview:large, max-video-preview:-1\" \/>\n<link rel=\"canonical\" href=\"https:\/\/ahauteurdetruffe.fr\/index.php\/services\/\" \/>\n<meta property=\"og:locale\" content=\"fr_FR\" \/>\n<meta property=\"og:type\" content=\"article\" \/>\n<meta property=\"og:title\" content=\"Services -\" \/>\n<meta property=\"og:description\" content=\"Comment puis-je vous aider ? Je propose diff\u00e9rents types de services : Education et r\u00e9\u00e9ducation canine Pomenades canines Selon le service qui vous int\u00e9resse, je peux me d\u00e9placer chez vous jusqu&rsquo;\u00e0 30km autour de Saint M\u00e9en le Grand. Si le kilom\u00e9trage d\u00e9passe cette limite, la facturation des frais de d\u00e9placements sont \u00e0 0,5 euros le [&hellip;]\" \/>\n<meta property=\"og:url\" content=\"https:\/\/ahauteurdetruffe.fr\/index.php\/services\/\" \/>\n<meta property=\"article:modified_time\" content=\"2026-03-12T13:03:05+00:00\" \/>\n<meta property=\"og:image\" content=\"https:\/\/ahauteurdetruffe.fr\/wp-content\/uploads\/2026\/03\/IMG_4109.jpg\" \/>\n\t<meta property=\"og:image:width\" content=\"1\" \/>\n\t<meta property=\"og:image:height\" content=\"1\" \/>\n\t<meta property=\"og:image:type\" content=\"image\/jpeg\" \/>\n<meta name=\"twitter:card\" content=\"summary_large_image\" \/>\n<meta name=\"twitter:label1\" content=\"Dur\u00e9e de lecture estim\u00e9e\" \/>\n\t<meta name=\"twitter:data1\" content=\"3 minutes\" \/>\n<script type=\"application\/ld+json\" class=\"yoast-schema-graph\">{\"@context\":\"https:\/\/schema.org\",\"@graph\":[{\"@type\":\"WebPage\",\"@id\":\"https:\/\/ahauteurdetruffe.fr\/index.php\/services\/\",\"url\":\"https:\/\/ahauteurdetruffe.fr\/index.php\/services\/\",\"name\":\"Services -\",\"isPartOf\":{\"@id\":\"https:\/\/ahauteurdetruffe.fr\/#website\"},\"primaryImageOfPage\":{\"@id\":\"https:\/\/ahauteurdetruffe.fr\/index.php\/services\/#primaryimage\"},\"image\":{\"@id\":\"https:\/\/ahauteurdetruffe.fr\/index.php\/services\/#primaryimage\"},\"thumbnailUrl\":\"https:\/\/ahauteurdetruffe.fr\/wp-content\/uploads\/2026\/03\/IMG_4109.jpg\",\"datePublished\":\"2026-02-20T11:11:21+00:00\",\"dateModified\":\"2026-03-12T13:03:05+00:00\",\"breadcrumb\":{\"@id\":\"https:\/\/ahauteurdetruffe.fr\/index.php\/services\/#breadcrumb\"},\"inLanguage\":\"fr-FR\",\"potentialAction\":[{\"@type\":\"ReadAction\",\"target\":[\"https:\/\/ahauteurdetruffe.fr\/index.php\/services\/\"]}]},{\"@type\":\"ImageObject\",\"inLanguage\":\"fr-FR\",\"@id\":\"https:\/\/ahauteurdetruffe.fr\/index.php\/services\/#primaryimage\",\"url\":\"https:\/\/ahauteurdetruffe.fr\/wp-content\/uploads\/2026\/03\/IMG_4109.jpg\",\"contentUrl\":\"https:\/\/ahauteurdetruffe.fr\/wp-content\/uploads\/2026\/03\/IMG_4109.jpg\"},{\"@type\":\"BreadcrumbList\",\"@id\":\"https:\/\/ahauteurdetruffe.fr\/index.php\/services\/#breadcrumb\",\"itemListElement\":[{\"@type\":\"ListItem\",\"position\":1,\"name\":\"Accueil\",\"item\":\"https:\/\/ahauteurdetruffe.fr\/\"},{\"@type\":\"ListItem\",\"position\":2,\"name\":\"Services\"}]},{\"@type\":\"WebSite\",\"@id\":\"https:\/\/ahauteurdetruffe.fr\/#website\",\"url\":\"https:\/\/ahauteurdetruffe.fr\/\",\"name\":\"\",\"description\":\"\",\"potentialAction\":[{\"@type\":\"SearchAction\",\"target\":{\"@type\":\"EntryPoint\",\"urlTemplate\":\"https:\/\/ahauteurdetruffe.fr\/?s={search_term_string}\"},\"query-input\":{\"@type\":\"PropertyValueSpecification\",\"valueRequired\":true,\"valueName\":\"search_term_string\"}}],\"inLanguage\":\"fr-FR\"}]}<\/script>\n<!-- \/ Yoast SEO plugin. -->","yoast_head_json":{"title":"Services -","robots":{"index":"index","follow":"follow","max-snippet":"max-snippet:-1","max-image-preview":"max-image-preview:large","max-video-preview":"max-video-preview:-1"},"canonical":"https:\/\/ahauteurdetruffe.fr\/index.php\/services\/","og_locale":"fr_FR","og_type":"article","og_title":"Services -","og_description":"Comment puis-je vous aider ? Je propose diff\u00e9rents types de services : Education et r\u00e9\u00e9ducation canine Pomenades canines Selon le service qui vous int\u00e9resse, je peux me d\u00e9placer chez vous jusqu&rsquo;\u00e0 30km autour de Saint M\u00e9en le Grand. Si le kilom\u00e9trage d\u00e9passe cette limite, la facturation des frais de d\u00e9placements sont \u00e0 0,5 euros le [&hellip;]","og_url":"https:\/\/ahauteurdetruffe.fr\/index.php\/services\/","article_modified_time":"2026-03-12T13:03:05+00:00","og_image":[{"url":"https:\/\/ahauteurdetruffe.fr\/wp-content\/uploads\/2026\/03\/IMG_4109.jpg","width":1,"height":1,"type":"image\/jpeg"}],"twitter_card":"summary_large_image","twitter_misc":{"Dur\u00e9e de lecture estim\u00e9e":"3 minutes"},"schema":{"@context":"https:\/\/schema.org","@graph":[{"@type":"WebPage","@id":"https:\/\/ahauteurdetruffe.fr\/index.php\/services\/","url":"https:\/\/ahauteurdetruffe.fr\/index.php\/services\/","name":"Services -","isPartOf":{"@id":"https:\/\/ahauteurdetruffe.fr\/#website"},"primaryImageOfPage":{"@id":"https:\/\/ahauteurdetruffe.fr\/index.php\/services\/#primaryimage"},"image":{"@id":"https:\/\/ahauteurdetruffe.fr\/index.php\/services\/#primaryimage"},"thumbnailUrl":"https:\/\/ahauteurdetruffe.fr\/wp-content\/uploads\/2026\/03\/IMG_4109.jpg","datePublished":"2026-02-20T11:11:21+00:00","dateModified":"2026-03-12T13:03:05+00:00","breadcrumb":{"@id":"https:\/\/ahauteurdetruffe.fr\/index.php\/services\/#breadcrumb"},"inLanguage":"fr-FR","potentialAction":[{"@type":"ReadAction","target":["https:\/\/ahauteurdetruffe.fr\/index.php\/services\/"]}]},{"@type":"ImageObject","inLanguage":"fr-FR","@id":"https:\/\/ahauteurdetruffe.fr\/index.php\/services\/#primaryimage","url":"https:\/\/ahauteurdetruffe.fr\/wp-content\/uploads\/2026\/03\/IMG_4109.jpg","contentUrl":"https:\/\/ahauteurdetruffe.fr\/wp-content\/uploads\/2026\/03\/IMG_4109.jpg"},{"@type":"BreadcrumbList","@id":"https:\/\/ahauteurdetruffe.fr\/index.php\/services\/#breadcrumb","itemListElement":[{"@type":"ListItem","position":1,"name":"Accueil","item":"https:\/\/ahauteurdetruffe.fr\/"},{"@type":"ListItem","position":2,"name":"Services"}]},{"@type":"WebSite","@id":"https:\/\/ahauteurdetruffe.fr\/#website","url":"https:\/\/ahauteurdetruffe.fr\/","name":"","description":"","potentialAction":[{"@type":"SearchAction","target":{"@type":"EntryPoint","urlTemplate":"https:\/\/ahauteurdetruffe.fr\/?s={search_term_string}"},"query-input":{"@type":"PropertyValueSpecification","valueRequired":true,"valueName":"search_term_string"}}],"inLanguage":"fr-FR"}]}},"_links":{"self":[{"href":"https:\/\/ahauteurdetruffe.fr\/index.php\/wp-json\/wp\/v2\/pages\/16","targetHints":{"allow":["GET"]}}],"collection":[{"href":"https:\/\/ahauteurdetruffe.fr\/index.php\/wp-json\/wp\/v2\/pages"}],"about":[{"href":"https:\/\/ahauteurdetruffe.fr\/index.php\/wp-json\/wp\/v2\/types\/page"}],"author":[{"embeddable":true,"href":"https:\/\/ahauteurdetruffe.fr\/index.php\/wp-json\/wp\/v2\/users\/1"}],"replies":[{"embeddable":true,"href":"https:\/\/ahauteurdetruffe.fr\/index.php\/wp-json\/wp\/v2\/comments?post=16"}],"version-history":[{"count":19,"href":"https:\/\/ahauteurdetruffe.fr\/index.php\/wp-json\/wp\/v2\/pages\/16\/revisions"}],"predecessor-version":[{"id":202,"href":"https:\/\/ahauteurdetruffe.fr\/index.php\/wp-json\/wp\/v2\/pages\/16\/revisions\/202"}],"wp:attachment":[{"href":"https:\/\/ahauteurdetruffe.fr\/index.php\/wp-json\/wp\/v2\/media?parent=16"}],"curies":[{"name":"wp","href":"https:\/\/api.w.org\/{rel}","templated":true}]}}