{"id":22,"date":"2026-02-20T11:11:22","date_gmt":"2026-02-20T11:11:22","guid":{"rendered":"https:\/\/ahauteurdetruffe.fr\/index.php\/contact\/"},"modified":"2026-03-12T12:44:24","modified_gmt":"2026-03-12T12:44:24","slug":"contact","status":"publish","type":"page","link":"https:\/\/ahauteurdetruffe.fr\/index.php\/contact\/","title":{"rendered":"Contact"},"content":{"rendered":"\t\t<div data-elementor-type=\"wp-page\" data-elementor-id=\"22\" class=\"elementor elementor-22\">\n\t\t\t\t<div class=\"elementor-element elementor-element-596f6b5 e-flex e-con-boxed e-con e-parent\" data-id=\"596f6b5\" data-element_type=\"container\" data-e-type=\"container\">\n\t\t\t\t\t<div class=\"e-con-inner\">\n\t\t\t\t<div class=\"elementor-element elementor-element-09a17e2 elementor-widget elementor-widget-heading\" data-id=\"09a17e2\" data-element_type=\"widget\" data-e-type=\"widget\" data-widget_type=\"heading.default\">\n\t\t\t\t\t<h2 class=\"elementor-heading-title elementor-size-default\">A Hauteur de Truffe<\/h2>\t\t\t\t<\/div>\n\t\t\t\t\t<\/div>\n\t\t\t\t<\/div>\n\t\t<div class=\"elementor-element elementor-element-6fc3a80 e-flex e-con-boxed e-con e-parent\" data-id=\"6fc3a80\" data-element_type=\"container\" data-e-type=\"container\">\n\t\t\t\t\t<div class=\"e-con-inner\">\n\t\t<div class=\"elementor-element elementor-element-09289fa e-con-full e-flex e-con e-child\" data-id=\"09289fa\" data-element_type=\"container\" data-e-type=\"container\">\n\t\t\t\t<div class=\"elementor-element elementor-element-58eff56 elementor-widget elementor-widget-text-editor\" data-id=\"58eff56\" data-element_type=\"widget\" data-e-type=\"widget\" data-widget_type=\"text-editor.default\">\n\t\t\t\t\t\t\t\t\t<p><strong>Louie Schaffer &#8211; \u00e9ducatrice et comportementaliste canin<\/strong><\/p><p>Siret : 10122890600018<\/p><p>Saint-M\u00e9en le Grand (rayon de 30km)<\/p><p>A domicile ou en ext\u00e9rieur (lieux publics)<\/p>\t\t\t\t\t\t\t\t<\/div>\n\t\t\t\t<\/div>\n\t\t<div class=\"elementor-element elementor-element-99a6af9 e-con-full e-flex e-con e-child\" data-id=\"99a6af9\" data-element_type=\"container\" data-e-type=\"container\">\n\t\t\t\t<div class=\"elementor-element elementor-element-c9afded elementor-widget elementor-widget-text-editor\" data-id=\"c9afded\" data-element_type=\"widget\" data-e-type=\"widget\" data-widget_type=\"text-editor.default\">\n\t\t\t\t\t\t\t\t\t<p><strong>Contactez moi pour plus d&rsquo;informations !<\/strong><\/p><p>ahauteurdetruffe@gmail.com<\/p><p>06 16 89 41 16<\/p><p>Retrouvez-moi sur les r\u00e9seaux sociaux (Instagram et Facebook) : ahauteurdetruffe<\/p>\t\t\t\t\t\t\t\t<\/div>\n\t\t\t\t<\/div>\n\t\t\t\t\t<\/div>\n\t\t\t\t<\/div>\n\t\t\t\t<\/div>\n\t\t","protected":false},"excerpt":{"rendered":"<p>A Hauteur de Truffe Louie Schaffer &#8211; \u00e9ducatrice et comportementaliste canin Siret : 10122890600018 Saint-M\u00e9en le Grand (rayon de 30km) A domicile ou en ext\u00e9rieur (lieux publics) Contactez moi pour plus d&rsquo;informations ! ahauteurdetruffe@gmail.com 06 16 89 41 16 Retrouvez-moi sur les r\u00e9seaux sociaux (Instagram et Facebook) : ahauteurdetruffe<\/p>\n","protected":false},"author":1,"featured_media":0,"parent":0,"menu_order":0,"comment_status":"closed","ping_status":"closed","template":"elementor_header_footer","meta":{"footnotes":""},"class_list":["post-22","page","type-page","status-publish","hentry","entry"],"yoast_head":"<!-- This site is optimized with the Yoast SEO plugin v27.2 - https:\/\/yoast.com\/product\/yoast-seo-wordpress\/ -->\n<title>Contact -<\/title>\n<meta name=\"robots\" content=\"index, follow, max-snippet:-1, max-image-preview:large, max-video-preview:-1\" \/>\n<link rel=\"canonical\" href=\"https:\/\/ahauteurdetruffe.fr\/index.php\/contact\/\" \/>\n<meta property=\"og:locale\" content=\"fr_FR\" \/>\n<meta property=\"og:type\" content=\"article\" \/>\n<meta property=\"og:title\" content=\"Contact -\" \/>\n<meta property=\"og:description\" content=\"A Hauteur de Truffe Louie Schaffer &#8211; \u00e9ducatrice et comportementaliste canin Siret : 10122890600018 Saint-M\u00e9en le Grand (rayon de 30km) A domicile ou en ext\u00e9rieur (lieux publics) Contactez moi pour plus d&rsquo;informations ! ahauteurdetruffe@gmail.com 06 16 89 41 16 Retrouvez-moi sur les r\u00e9seaux sociaux (Instagram et Facebook) : ahauteurdetruffe\" \/>\n<meta property=\"og:url\" content=\"https:\/\/ahauteurdetruffe.fr\/index.php\/contact\/\" \/>\n<meta property=\"article:modified_time\" content=\"2026-03-12T12:44:24+00:00\" \/>\n<meta name=\"twitter:card\" content=\"summary_large_image\" \/>\n<script type=\"application\/ld+json\" class=\"yoast-schema-graph\">{\"@context\":\"https:\/\/schema.org\",\"@graph\":[{\"@type\":\"WebPage\",\"@id\":\"https:\/\/ahauteurdetruffe.fr\/index.php\/contact\/\",\"url\":\"https:\/\/ahauteurdetruffe.fr\/index.php\/contact\/\",\"name\":\"Contact -\",\"isPartOf\":{\"@id\":\"https:\/\/ahauteurdetruffe.fr\/#website\"},\"datePublished\":\"2026-02-20T11:11:22+00:00\",\"dateModified\":\"2026-03-12T12:44:24+00:00\",\"breadcrumb\":{\"@id\":\"https:\/\/ahauteurdetruffe.fr\/index.php\/contact\/#breadcrumb\"},\"inLanguage\":\"fr-FR\",\"potentialAction\":[{\"@type\":\"ReadAction\",\"target\":[\"https:\/\/ahauteurdetruffe.fr\/index.php\/contact\/\"]}]},{\"@type\":\"BreadcrumbList\",\"@id\":\"https:\/\/ahauteurdetruffe.fr\/index.php\/contact\/#breadcrumb\",\"itemListElement\":[{\"@type\":\"ListItem\",\"position\":1,\"name\":\"Accueil\",\"item\":\"https:\/\/ahauteurdetruffe.fr\/\"},{\"@type\":\"ListItem\",\"position\":2,\"name\":\"Contact\"}]},{\"@type\":\"WebSite\",\"@id\":\"https:\/\/ahauteurdetruffe.fr\/#website\",\"url\":\"https:\/\/ahauteurdetruffe.fr\/\",\"name\":\"\",\"description\":\"\",\"potentialAction\":[{\"@type\":\"SearchAction\",\"target\":{\"@type\":\"EntryPoint\",\"urlTemplate\":\"https:\/\/ahauteurdetruffe.fr\/?s={search_term_string}\"},\"query-input\":{\"@type\":\"PropertyValueSpecification\",\"valueRequired\":true,\"valueName\":\"search_term_string\"}}],\"inLanguage\":\"fr-FR\"}]}<\/script>\n<!-- \/ Yoast SEO plugin. -->","yoast_head_json":{"title":"Contact -","robots":{"index":"index","follow":"follow","max-snippet":"max-snippet:-1","max-image-preview":"max-image-preview:large","max-video-preview":"max-video-preview:-1"},"canonical":"https:\/\/ahauteurdetruffe.fr\/index.php\/contact\/","og_locale":"fr_FR","og_type":"article","og_title":"Contact -","og_description":"A Hauteur de Truffe Louie Schaffer &#8211; \u00e9ducatrice et comportementaliste canin Siret : 10122890600018 Saint-M\u00e9en le Grand (rayon de 30km) A domicile ou en ext\u00e9rieur (lieux publics) Contactez moi pour plus d&rsquo;informations ! ahauteurdetruffe@gmail.com 06 16 89 41 16 Retrouvez-moi sur les r\u00e9seaux sociaux (Instagram et Facebook) : ahauteurdetruffe","og_url":"https:\/\/ahauteurdetruffe.fr\/index.php\/contact\/","article_modified_time":"2026-03-12T12:44:24+00:00","twitter_card":"summary_large_image","schema":{"@context":"https:\/\/schema.org","@graph":[{"@type":"WebPage","@id":"https:\/\/ahauteurdetruffe.fr\/index.php\/contact\/","url":"https:\/\/ahauteurdetruffe.fr\/index.php\/contact\/","name":"Contact -","isPartOf":{"@id":"https:\/\/ahauteurdetruffe.fr\/#website"},"datePublished":"2026-02-20T11:11:22+00:00","dateModified":"2026-03-12T12:44:24+00:00","breadcrumb":{"@id":"https:\/\/ahauteurdetruffe.fr\/index.php\/contact\/#breadcrumb"},"inLanguage":"fr-FR","potentialAction":[{"@type":"ReadAction","target":["https:\/\/ahauteurdetruffe.fr\/index.php\/contact\/"]}]},{"@type":"BreadcrumbList","@id":"https:\/\/ahauteurdetruffe.fr\/index.php\/contact\/#breadcrumb","itemListElement":[{"@type":"ListItem","position":1,"name":"Accueil","item":"https:\/\/ahauteurdetruffe.fr\/"},{"@type":"ListItem","position":2,"name":"Contact"}]},{"@type":"WebSite","@id":"https:\/\/ahauteurdetruffe.fr\/#website","url":"https:\/\/ahauteurdetruffe.fr\/","name":"","description":"","potentialAction":[{"@type":"SearchAction","target":{"@type":"EntryPoint","urlTemplate":"https:\/\/ahauteurdetruffe.fr\/?s={search_term_string}"},"query-input":{"@type":"PropertyValueSpecification","valueRequired":true,"valueName":"search_term_string"}}],"inLanguage":"fr-FR"}]}},"_links":{"self":[{"href":"https:\/\/ahauteurdetruffe.fr\/index.php\/wp-json\/wp\/v2\/pages\/22","targetHints":{"allow":["GET"]}}],"collection":[{"href":"https:\/\/ahauteurdetruffe.fr\/index.php\/wp-json\/wp\/v2\/pages"}],"about":[{"href":"https:\/\/ahauteurdetruffe.fr\/index.php\/wp-json\/wp\/v2\/types\/page"}],"author":[{"embeddable":true,"href":"https:\/\/ahauteurdetruffe.fr\/index.php\/wp-json\/wp\/v2\/users\/1"}],"replies":[{"embeddable":true,"href":"https:\/\/ahauteurdetruffe.fr\/index.php\/wp-json\/wp\/v2\/comments?post=22"}],"version-history":[{"count":7,"href":"https:\/\/ahauteurdetruffe.fr\/index.php\/wp-json\/wp\/v2\/pages\/22\/revisions"}],"predecessor-version":[{"id":190,"href":"https:\/\/ahauteurdetruffe.fr\/index.php\/wp-json\/wp\/v2\/pages\/22\/revisions\/190"}],"wp:attachment":[{"href":"https:\/\/ahauteurdetruffe.fr\/index.php\/wp-json\/wp\/v2\/media?parent=22"}],"curies":[{"name":"wp","href":"https:\/\/api.w.org\/{rel}","templated":true}]}}